{"id":6188,"date":"2025-07-09T08:13:10","date_gmt":"2025-07-09T08:13:10","guid":{"rendered":"https:\/\/altitek.ca\/product\/0603l010yr\/"},"modified":"2025-07-09T08:13:10","modified_gmt":"2025-07-09T08:13:10","slug":"0603l010yr","status":"publish","type":"product","link":"https:\/\/altitek.ca\/fr\/produit\/0603l010yr\/","title":{"rendered":"0603L010YR"},"content":{"rendered":"","protected":false},"excerpt":{"rendered":"<p>Fusible r\u00e9armable CTP polym\u00e8re 15 V 100 mA Ih montage en surface 0603 (1608 m\u00e9trique), fusible r\u00e9armable CTP concave 15 V 100 mA 0603.<br \/>\nCode de date : 1441<\/p>\n<p><a class=\"pdp-btn\" href=\"https:\/\/altitek.ca\/fr\/quote\/\" rel=\"noopener noreferrer\">Contactez le service client pour conna\u00eetre les tarifs actuels<\/a><\/p>","protected":false},"featured_media":6300,"template":"","meta":{"_acf_changed":false},"product_brand":[],"product_cat":[284],"product_tag":[],"class_list":{"0":"post-6188","1":"product","2":"type-product","3":"status-publish","4":"has-post-thumbnail","6":"product_cat-protection-des-circuits-fusibles-rearmables-ptc","8":"first","9":"instock","10":"featured","11":"shipping-taxable","12":"product-type-simple"},"acf":[],"_links":{"self":[{"href":"https:\/\/altitek.ca\/fr\/wp-json\/wp\/v2\/product\/6188","targetHints":{"allow":["GET"]}}],"collection":[{"href":"https:\/\/altitek.ca\/fr\/wp-json\/wp\/v2\/product"}],"about":[{"href":"https:\/\/altitek.ca\/fr\/wp-json\/wp\/v2\/types\/product"}],"wp:featuredmedia":[{"embeddable":true,"href":"https:\/\/altitek.ca\/fr\/wp-json\/wp\/v2\/media\/6300"}],"wp:attachment":[{"href":"https:\/\/altitek.ca\/fr\/wp-json\/wp\/v2\/media?parent=6188"}],"wp:term":[{"taxonomy":"product_brand","embeddable":true,"href":"https:\/\/altitek.ca\/fr\/wp-json\/wp\/v2\/product_brand?post=6188"},{"taxonomy":"product_cat","embeddable":true,"href":"https:\/\/altitek.ca\/fr\/wp-json\/wp\/v2\/product_cat?post=6188"},{"taxonomy":"product_tag","embeddable":true,"href":"https:\/\/altitek.ca\/fr\/wp-json\/wp\/v2\/product_tag?post=6188"}],"curies":[{"name":"wp","href":"https:\/\/api.w.org\/{rel}","templated":true}]}}