{"id":6492,"date":"2025-09-05T11:40:43","date_gmt":"2025-09-05T11:40:43","guid":{"rendered":"https:\/\/altitek.ca\/client-satisfaction-survey\/"},"modified":"2025-09-05T14:12:59","modified_gmt":"2025-09-05T14:12:59","slug":"client-satisfaction-survey","status":"publish","type":"page","link":"https:\/\/altitek.ca\/fr\/client-satisfaction-survey\/","title":{"rendered":"Sondage sur la satisfaction de la client\u00e8le"},"content":{"rendered":"<div data-elementor-type=\"wp-page\" data-elementor-id=\"6492\" class=\"elementor elementor-6492 elementor-6441\" data-elementor-settings=\"{&quot;element_pack_global_tooltip_width&quot;:{&quot;unit&quot;:&quot;px&quot;,&quot;size&quot;:&quot;&quot;,&quot;sizes&quot;:[]},&quot;element_pack_global_tooltip_width_tablet&quot;:{&quot;unit&quot;:&quot;px&quot;,&quot;size&quot;:&quot;&quot;,&quot;sizes&quot;:[]},&quot;element_pack_global_tooltip_width_mobile&quot;:{&quot;unit&quot;:&quot;px&quot;,&quot;size&quot;:&quot;&quot;,&quot;sizes&quot;:[]},&quot;element_pack_global_tooltip_padding&quot;:{&quot;unit&quot;:&quot;px&quot;,&quot;top&quot;:&quot;&quot;,&quot;right&quot;:&quot;&quot;,&quot;bottom&quot;:&quot;&quot;,&quot;left&quot;:&quot;&quot;,&quot;isLinked&quot;:true},&quot;element_pack_global_tooltip_padding_tablet&quot;:{&quot;unit&quot;:&quot;px&quot;,&quot;top&quot;:&quot;&quot;,&quot;right&quot;:&quot;&quot;,&quot;bottom&quot;:&quot;&quot;,&quot;left&quot;:&quot;&quot;,&quot;isLinked&quot;:true},&quot;element_pack_global_tooltip_padding_mobile&quot;:{&quot;unit&quot;:&quot;px&quot;,&quot;top&quot;:&quot;&quot;,&quot;right&quot;:&quot;&quot;,&quot;bottom&quot;:&quot;&quot;,&quot;left&quot;:&quot;&quot;,&quot;isLinked&quot;:true},&quot;element_pack_global_tooltip_border_radius&quot;:{&quot;unit&quot;:&quot;px&quot;,&quot;top&quot;:&quot;&quot;,&quot;right&quot;:&quot;&quot;,&quot;bottom&quot;:&quot;&quot;,&quot;left&quot;:&quot;&quot;,&quot;isLinked&quot;:true},&quot;element_pack_global_tooltip_border_radius_tablet&quot;:{&quot;unit&quot;:&quot;px&quot;,&quot;top&quot;:&quot;&quot;,&quot;right&quot;:&quot;&quot;,&quot;bottom&quot;:&quot;&quot;,&quot;left&quot;:&quot;&quot;,&quot;isLinked&quot;:true},&quot;element_pack_global_tooltip_border_radius_mobile&quot;:{&quot;unit&quot;:&quot;px&quot;,&quot;top&quot;:&quot;&quot;,&quot;right&quot;:&quot;&quot;,&quot;bottom&quot;:&quot;&quot;,&quot;left&quot;:&quot;&quot;,&quot;isLinked&quot;:true}}\" data-elementor-post-type=\"page\">\n\t\t\t\t<div class=\"elementor-element elementor-element-c0ed4cb e-flex e-con-boxed e-con e-parent\" data-id=\"c0ed4cb\" data-element_type=\"container\">\n\t\t\t\t\t<div class=\"e-con-inner\">\n\t\t<div class=\"elementor-element elementor-element-591992f e-con-full e-flex e-con e-child\" data-id=\"591992f\" data-element_type=\"container\">\n\t\t\t\t<div class=\"elementor-element elementor-element-5023747 elementor-widget elementor-widget-heading\" data-id=\"5023747\" data-element_type=\"widget\" data-widget_type=\"heading.default\">\n\t\t\t\t<div class=\"elementor-widget-container\">\n\t\t\t\t\t<h2 class=\"elementor-heading-title elementor-size-default\">Sondage sur la satisfaction de la client\u00e8le<\/h2>\t\t\t\t<\/div>\n\t\t\t\t<\/div>\n\t\t\t\t<div class=\"elementor-element elementor-element-86f5228 elementor-widget elementor-widget-text-editor\" data-id=\"86f5228\" data-element_type=\"widget\" data-widget_type=\"text-editor.default\">\n\t\t\t\t<div class=\"elementor-widget-container\">\n\t\t\t\t\t\t\t\t\t<p>Afin d&#8217;am\u00e9liorer la qualit\u00e9 de nos produits et services, nous avons besoin de votre avis. Veuillez prendre quelques minutes pour r\u00e9pondre aux questions ci-dessous. Vos commentaires nous aideront \u00e0 mieux vous servir\u00a0; nous appr\u00e9cierons donc tout commentaire ou conseil suppl\u00e9mentaire. Merci de votre appui\u00a0!<\/p>\t\t\t\t\t\t\t\t<\/div>\n\t\t\t\t<\/div>\n\t\t\t\t<\/div>\n\t\t<div class=\"elementor-element elementor-element-df229e8 e-con-full e-flex e-con e-child\" data-id=\"df229e8\" data-element_type=\"container\" data-settings=\"{&quot;background_background&quot;:&quot;classic&quot;}\">\n\t\t\t\t<div class=\"elementor-element elementor-element-39289d3 bdt-forminator-forms-label-hide--yes bdt-forminator-forms-button-full-width elementor-widget elementor-widget-bdt-forminator-forms\" data-id=\"39289d3\" data-element_type=\"widget\" data-widget_type=\"bdt-forminator-forms.default\">\n\t\t\t\t<div class=\"elementor-widget-container\">\n\t\t\t\t\t\n\t\t<div class=\"bdt-forminator-forms\" id=\"bdt-forminator-forms-39289d3\">\n\n\t\t\t<div class=\"forminator-ui forminator-custom-form forminator-custom-form-6485 forminator-design--default  forminator_ajax\" data-forminator-render=\"0\" data-form=\"forminator-module-6485\" data-uid=\"69f190c582fb0\"><br\/><\/div><form\r\n\t\t\t\tid=\"forminator-module-6485\"\r\n\t\t\t\tclass=\"forminator-ui forminator-custom-form forminator-custom-form-6485 forminator-design--default  forminator_ajax\"\r\n\t\t\t\tmethod=\"post\"\r\n\t\t\t\tdata-forminator-render=\"0\"\r\n\t\t\t\tdata-form-id=\"6485\"\r\n\t\t\t\t data-color-option=\"theme\" data-design=\"default\" data-grid=\"open\" style=\"display: none;\"\r\n\t\t\t\tdata-uid=\"69f190c582fb0\" action=\"\"\r\n\t\t\t><div role=\"alert\" aria-live=\"polite\" class=\"forminator-response-message forminator-error\" aria-hidden=\"true\"><\/div><div class=\"forminator-row\"><div id=\"name-1\" class=\"forminator-field-name forminator-col forminator-col-4\"><div class=\"forminator-field\"><label for=\"forminator-field-name-1_69f190c582fb0\" id=\"forminator-field-name-1_69f190c582fb0-label\" class=\"forminator-label\">Nom du client<\/label><input type=\"text\" name=\"name-1\" value=\"\" placeholder=\"Nom du client\" id=\"forminator-field-name-1_69f190c582fb0\" class=\"forminator-input forminator-name--field\" aria-required=\"false\" autocomplete=\"name\" \/><\/div><\/div><div id=\"text-1\" class=\"forminator-field-text forminator-col forminator-col-4\"><div class=\"forminator-field\"><label for=\"forminator-field-text-1_69f190c582fb0\" id=\"forminator-field-text-1_69f190c582fb0-label\" class=\"forminator-label\">Nom du client <span class=\"forminator-required\">*<\/span><\/label><input type=\"text\" name=\"text-1\" value=\"\" placeholder=\"Nom du client\" id=\"forminator-field-text-1_69f190c582fb0\" class=\"forminator-input forminator-name--field\" data-required=\"1\" \/><\/div><\/div><div id=\"date-1\" class=\"forminator-field-date forminator-col forminator-col-4\"><div class=\"forminator-field\"><label for=\"forminator-field-date-1-picker_69f190c582fb0\" id=\"forminator-field-date-1-picker_69f190c582fb0-label\" class=\"forminator-label\">Date<\/label><div class=\"forminator-input-with-icon\"><span class=\"forminator-icon-calendar\" aria-hidden=\"true\"><\/span><input autocomplete=\"off\" type=\"text\" size=\"1\" name=\"date-1\" value=\"\" placeholder=\"Choisissez la date\" id=\"forminator-field-date-1-picker_69f190c582fb0\" class=\"forminator-input forminator-datepicker\" data-required=\"\" data-format=\"mm\/dd\/yy\" data-restrict-type=\"\" data-restrict=\"\" data-start-year=\"1926\" data-end-year=\"2126\" data-past-dates=\"enable\" data-start-of-week=\"1\" data-start-date=\"\" data-end-date=\"\" data-start-field=\"\" data-end-field=\"\" data-start-offset=\"\" data-end-offset=\"\" data-disable-date=\"\" data-disable-range=\"\" \/><\/div><\/div><\/div><\/div><div class=\"forminator-row\"><div id=\"radio-1\" class=\"forminator-field-radio forminator-col forminator-col-12\"><div role=\"radiogroup\" class=\"forminator-field\" aria-labelledby=\"forminator-radiogroup-radio-1-69f190c582fb0-label\" aria-describedby=\"forminator-radiogroup-radio-1-69f190c582fb0-description\"><span id=\"forminator-radiogroup-radio-1-69f190c582fb0-label\" class=\"forminator-label\">Produits\u00a0: <span class=\"forminator-required\">*<\/span><\/span><span id=\"forminator-radiogroup-radio-1-69f190c582fb0-description\" class=\"forminator-description\">Produits\u00a0:<\/span><label id=\"forminator-field-radio-1-label-1\" for=\"forminator-field-radio-1-1-69f190c582fb0\" class=\"forminator-radio forminator-radio-inline\" title=\"Insatisfaisant\"><input type=\"radio\" name=\"radio-1\" value=\"Insatisfaisant\" id=\"forminator-field-radio-1-1-69f190c582fb0\" aria-labelledby=\"forminator-field-radio-1-label-1\" data-calculation=\"0\"   data-hidden-behavior=\"zero\" aria-describedby=\"forminator-field-radio-1-69f190c582fb0-description\"\/><span class=\"forminator-radio-bullet\" aria-hidden=\"true\"><\/span><span class=\"forminator-radio-label\">Insatisfaisant<\/span><\/label><label id=\"forminator-field-radio-1-label-2\" for=\"forminator-field-radio-1-2-69f190c582fb0\" class=\"forminator-radio forminator-radio-inline\" title=\"Ordinaire\"><input type=\"radio\" name=\"radio-1\" value=\"Ordinaire\" id=\"forminator-field-radio-1-2-69f190c582fb0\" aria-labelledby=\"forminator-field-radio-1-label-2\" data-calculation=\"0\"   data-hidden-behavior=\"zero\" aria-describedby=\"forminator-field-radio-1-69f190c582fb0-description\"\/><span class=\"forminator-radio-bullet\" aria-hidden=\"true\"><\/span><span class=\"forminator-radio-label\">Ordinaire<\/span><\/label><label id=\"forminator-field-radio-1-label-3\" for=\"forminator-field-radio-1-3-69f190c582fb0\" class=\"forminator-radio forminator-radio-inline\" title=\"Satisfaisant\"><input type=\"radio\" name=\"radio-1\" value=\"Satisfaisant\" id=\"forminator-field-radio-1-3-69f190c582fb0\" aria-labelledby=\"forminator-field-radio-1-label-3\" data-calculation=\"0\"   data-hidden-behavior=\"zero\" aria-describedby=\"forminator-field-radio-1-69f190c582fb0-description\"\/><span class=\"forminator-radio-bullet\" aria-hidden=\"true\"><\/span><span class=\"forminator-radio-label\">Satisfaisant<\/span><\/label><label id=\"forminator-field-radio-1-label-4\" for=\"forminator-field-radio-1-4-69f190c582fb0\" class=\"forminator-radio forminator-radio-inline\" title=\"Exceptionnel\"><input type=\"radio\" name=\"radio-1\" value=\"Exceptionnel\" id=\"forminator-field-radio-1-4-69f190c582fb0\" aria-labelledby=\"forminator-field-radio-1-label-4\" data-calculation=\"0\"   data-hidden-behavior=\"zero\" aria-describedby=\"forminator-field-radio-1-69f190c582fb0-description\"\/><span class=\"forminator-radio-bullet\" aria-hidden=\"true\"><\/span><span class=\"forminator-radio-label\">Exceptionnel<\/span><\/label><\/div><\/div><\/div><div class=\"forminator-row\"><div id=\"textarea-1\" class=\"forminator-field-textarea forminator-col forminator-col-12\"><div class=\"forminator-field\"><label for=\"forminator-field-textarea-1_69f190c582fb0\" id=\"forminator-field-textarea-1_69f190c582fb0-label\" class=\"forminator-label\">Commentaires<\/label><textarea name=\"textarea-1\" placeholder=\"Commentaires\" id=\"forminator-field-textarea-1_69f190c582fb0\" class=\"forminator-textarea\" rows=\"6\" style=\"min-height:140px;\" ><\/textarea><\/div><\/div><\/div><div class=\"forminator-row\"><div id=\"radio-5\" class=\"forminator-field-radio forminator-col forminator-col-12\"><div role=\"radiogroup\" class=\"forminator-field\" aria-labelledby=\"forminator-radiogroup-radio-5-69f190c582fb0-label\" aria-describedby=\"forminator-radiogroup-radio-5-69f190c582fb0-description\"><span id=\"forminator-radiogroup-radio-5-69f190c582fb0-label\" class=\"forminator-label\">Service \u00e0 la client\u00e8le\u00a0: <span class=\"forminator-required\">*<\/span><\/span><span id=\"forminator-radiogroup-radio-5-69f190c582fb0-description\" class=\"forminator-description\">Service \u00e0 la client\u00e8le\u00a0:<\/span><label id=\"forminator-field-radio-5-label-1\" for=\"forminator-field-radio-5-1-69f190c582fb0\" class=\"forminator-radio forminator-radio-inline\" title=\"Insatisfaisant\"><input type=\"radio\" name=\"radio-5\" value=\"Insatisfaisant\" id=\"forminator-field-radio-5-1-69f190c582fb0\" aria-labelledby=\"forminator-field-radio-5-label-1\" data-calculation=\"0\"   data-hidden-behavior=\"zero\" aria-describedby=\"forminator-field-radio-5-69f190c582fb0-description\"\/><span class=\"forminator-radio-bullet\" aria-hidden=\"true\"><\/span><span class=\"forminator-radio-label\">Insatisfaisant<\/span><\/label><label id=\"forminator-field-radio-5-label-2\" for=\"forminator-field-radio-5-2-69f190c582fb0\" class=\"forminator-radio forminator-radio-inline\" title=\"Ordinaire\"><input type=\"radio\" name=\"radio-5\" value=\"Ordinaire\" id=\"forminator-field-radio-5-2-69f190c582fb0\" aria-labelledby=\"forminator-field-radio-5-label-2\" data-calculation=\"0\"   data-hidden-behavior=\"zero\" aria-describedby=\"forminator-field-radio-5-69f190c582fb0-description\"\/><span class=\"forminator-radio-bullet\" aria-hidden=\"true\"><\/span><span class=\"forminator-radio-label\">Ordinaire<\/span><\/label><label id=\"forminator-field-radio-5-label-3\" for=\"forminator-field-radio-5-3-69f190c582fb0\" class=\"forminator-radio forminator-radio-inline\" title=\"Satisfaisant\"><input type=\"radio\" name=\"radio-5\" value=\"Satisfaisant\" id=\"forminator-field-radio-5-3-69f190c582fb0\" aria-labelledby=\"forminator-field-radio-5-label-3\" data-calculation=\"0\"   data-hidden-behavior=\"zero\" aria-describedby=\"forminator-field-radio-5-69f190c582fb0-description\"\/><span class=\"forminator-radio-bullet\" aria-hidden=\"true\"><\/span><span class=\"forminator-radio-label\">Satisfaisant<\/span><\/label><label id=\"forminator-field-radio-5-label-4\" for=\"forminator-field-radio-5-4-69f190c582fb0\" class=\"forminator-radio forminator-radio-inline\" title=\"Exceptionnel\"><input type=\"radio\" name=\"radio-5\" value=\"Exceptionnel\" id=\"forminator-field-radio-5-4-69f190c582fb0\" aria-labelledby=\"forminator-field-radio-5-label-4\" data-calculation=\"0\"   data-hidden-behavior=\"zero\" aria-describedby=\"forminator-field-radio-5-69f190c582fb0-description\"\/><span class=\"forminator-radio-bullet\" aria-hidden=\"true\"><\/span><span class=\"forminator-radio-label\">Exceptionnel<\/span><\/label><\/div><\/div><\/div><div class=\"forminator-row\"><div id=\"textarea-5\" class=\"forminator-field-textarea forminator-col forminator-col-12\"><div class=\"forminator-field\"><label for=\"forminator-field-textarea-5_69f190c582fb0\" id=\"forminator-field-textarea-5_69f190c582fb0-label\" class=\"forminator-label\">Commentaires<\/label><textarea name=\"textarea-5\" placeholder=\"Commentaires\" id=\"forminator-field-textarea-5_69f190c582fb0\" class=\"forminator-textarea\" rows=\"6\" style=\"min-height:140px;\" ><\/textarea><\/div><\/div><\/div><div class=\"forminator-row\"><div id=\"radio-6\" class=\"forminator-field-radio forminator-col forminator-col-12\"><div role=\"radiogroup\" class=\"forminator-field\" aria-labelledby=\"forminator-radiogroup-radio-6-69f190c582fb0-label\" aria-describedby=\"forminator-radiogroup-radio-6-69f190c582fb0-description\"><span id=\"forminator-radiogroup-radio-6-69f190c582fb0-label\" class=\"forminator-label\">Commande et facturation\u00a0: <span class=\"forminator-required\">*<\/span><\/span><span id=\"forminator-radiogroup-radio-6-69f190c582fb0-description\" class=\"forminator-description\">Commande et facturation\u00a0:<\/span><label id=\"forminator-field-radio-6-label-1\" for=\"forminator-field-radio-6-1-69f190c582fb0\" class=\"forminator-radio forminator-radio-inline\" title=\"Insatisfaisant\"><input type=\"radio\" name=\"radio-6\" value=\"Insatisfaisant\" id=\"forminator-field-radio-6-1-69f190c582fb0\" aria-labelledby=\"forminator-field-radio-6-label-1\" data-calculation=\"0\"   data-hidden-behavior=\"zero\" aria-describedby=\"forminator-field-radio-6-69f190c582fb0-description\"\/><span class=\"forminator-radio-bullet\" aria-hidden=\"true\"><\/span><span class=\"forminator-radio-label\">Insatisfaisant<\/span><\/label><label id=\"forminator-field-radio-6-label-2\" for=\"forminator-field-radio-6-2-69f190c582fb0\" class=\"forminator-radio forminator-radio-inline\" title=\"Ordinaire\"><input type=\"radio\" name=\"radio-6\" value=\"Ordinaire\" id=\"forminator-field-radio-6-2-69f190c582fb0\" aria-labelledby=\"forminator-field-radio-6-label-2\" data-calculation=\"0\"   data-hidden-behavior=\"zero\" aria-describedby=\"forminator-field-radio-6-69f190c582fb0-description\"\/><span class=\"forminator-radio-bullet\" aria-hidden=\"true\"><\/span><span class=\"forminator-radio-label\">Ordinaire<\/span><\/label><label id=\"forminator-field-radio-6-label-3\" for=\"forminator-field-radio-6-3-69f190c582fb0\" class=\"forminator-radio forminator-radio-inline\" title=\"Satisfaisant\"><input type=\"radio\" name=\"radio-6\" value=\"Satisfaisant\" id=\"forminator-field-radio-6-3-69f190c582fb0\" aria-labelledby=\"forminator-field-radio-6-label-3\" data-calculation=\"0\"   data-hidden-behavior=\"zero\" aria-describedby=\"forminator-field-radio-6-69f190c582fb0-description\"\/><span class=\"forminator-radio-bullet\" aria-hidden=\"true\"><\/span><span class=\"forminator-radio-label\">Satisfaisant<\/span><\/label><label id=\"forminator-field-radio-6-label-4\" for=\"forminator-field-radio-6-4-69f190c582fb0\" class=\"forminator-radio forminator-radio-inline\" title=\"Exceptionnel\"><input type=\"radio\" name=\"radio-6\" value=\"Exceptionnel\" id=\"forminator-field-radio-6-4-69f190c582fb0\" aria-labelledby=\"forminator-field-radio-6-label-4\" data-calculation=\"0\"   data-hidden-behavior=\"zero\" aria-describedby=\"forminator-field-radio-6-69f190c582fb0-description\"\/><span class=\"forminator-radio-bullet\" aria-hidden=\"true\"><\/span><span class=\"forminator-radio-label\">Exceptionnel<\/span><\/label><\/div><\/div><\/div><div class=\"forminator-row\"><div id=\"textarea-6\" class=\"forminator-field-textarea forminator-col forminator-col-12\"><div class=\"forminator-field\"><label for=\"forminator-field-textarea-6_69f190c582fb0\" id=\"forminator-field-textarea-6_69f190c582fb0-label\" class=\"forminator-label\">Commentaires<\/label><textarea name=\"textarea-6\" placeholder=\"Commentaires\" id=\"forminator-field-textarea-6_69f190c582fb0\" class=\"forminator-textarea\" rows=\"6\" style=\"min-height:140px;\" ><\/textarea><\/div><\/div><\/div><div class=\"forminator-row\"><div id=\"radio-7\" class=\"forminator-field-radio forminator-col forminator-col-12\"><div role=\"radiogroup\" class=\"forminator-field\" aria-labelledby=\"forminator-radiogroup-radio-7-69f190c582fb0-label\" aria-describedby=\"forminator-radiogroup-radio-7-69f190c582fb0-description\"><span id=\"forminator-radiogroup-radio-7-69f190c582fb0-label\" class=\"forminator-label\">Livraison: <span class=\"forminator-required\">*<\/span><\/span><span id=\"forminator-radiogroup-radio-7-69f190c582fb0-description\" class=\"forminator-description\">Livraison:<\/span><label id=\"forminator-field-radio-7-label-1\" for=\"forminator-field-radio-7-1-69f190c582fb0\" class=\"forminator-radio forminator-radio-inline\" title=\"Insatisfaisant\"><input type=\"radio\" name=\"radio-7\" value=\"Insatisfaisant\" id=\"forminator-field-radio-7-1-69f190c582fb0\" aria-labelledby=\"forminator-field-radio-7-label-1\" data-calculation=\"0\"   data-hidden-behavior=\"zero\" aria-describedby=\"forminator-field-radio-7-69f190c582fb0-description\"\/><span class=\"forminator-radio-bullet\" aria-hidden=\"true\"><\/span><span class=\"forminator-radio-label\">Insatisfaisant<\/span><\/label><label id=\"forminator-field-radio-7-label-2\" for=\"forminator-field-radio-7-2-69f190c582fb0\" class=\"forminator-radio forminator-radio-inline\" title=\"Ordinaire\"><input type=\"radio\" name=\"radio-7\" value=\"Ordinaire\" id=\"forminator-field-radio-7-2-69f190c582fb0\" aria-labelledby=\"forminator-field-radio-7-label-2\" data-calculation=\"0\"   data-hidden-behavior=\"zero\" aria-describedby=\"forminator-field-radio-7-69f190c582fb0-description\"\/><span class=\"forminator-radio-bullet\" aria-hidden=\"true\"><\/span><span class=\"forminator-radio-label\">Ordinaire<\/span><\/label><label id=\"forminator-field-radio-7-label-3\" for=\"forminator-field-radio-7-3-69f190c582fb0\" class=\"forminator-radio forminator-radio-inline\" title=\"Satisfaisant\"><input type=\"radio\" name=\"radio-7\" value=\"Satisfaisant\" id=\"forminator-field-radio-7-3-69f190c582fb0\" aria-labelledby=\"forminator-field-radio-7-label-3\" data-calculation=\"0\"   data-hidden-behavior=\"zero\" aria-describedby=\"forminator-field-radio-7-69f190c582fb0-description\"\/><span class=\"forminator-radio-bullet\" aria-hidden=\"true\"><\/span><span class=\"forminator-radio-label\">Satisfaisant<\/span><\/label><label id=\"forminator-field-radio-7-label-4\" for=\"forminator-field-radio-7-4-69f190c582fb0\" class=\"forminator-radio forminator-radio-inline\" title=\"Exceptionnel\"><input type=\"radio\" name=\"radio-7\" value=\"Exceptionnel\" id=\"forminator-field-radio-7-4-69f190c582fb0\" aria-labelledby=\"forminator-field-radio-7-label-4\" data-calculation=\"0\"   data-hidden-behavior=\"zero\" aria-describedby=\"forminator-field-radio-7-69f190c582fb0-description\"\/><span class=\"forminator-radio-bullet\" aria-hidden=\"true\"><\/span><span class=\"forminator-radio-label\">Exceptionnel<\/span><\/label><\/div><\/div><\/div><div class=\"forminator-row\"><div id=\"textarea-7\" class=\"forminator-field-textarea forminator-col forminator-col-12\"><div class=\"forminator-field\"><label for=\"forminator-field-textarea-7_69f190c582fb0\" id=\"forminator-field-textarea-7_69f190c582fb0-label\" class=\"forminator-label\">Commentaires<\/label><textarea name=\"textarea-7\" placeholder=\"Commentaires\" id=\"forminator-field-textarea-7_69f190c582fb0\" class=\"forminator-textarea\" rows=\"6\" style=\"min-height:140px;\" ><\/textarea><\/div><\/div><\/div><input type=\"hidden\" name=\"referer_url\" value=\"\" \/><div class=\"forminator-row forminator-row-last\"><div class=\"forminator-col\"><div class=\"forminator-field\"><button class=\"forminator-button forminator-button-submit\">Soumettre<\/button><\/div><\/div><\/div><input type=\"hidden\" id=\"forminator_nonce\" name=\"forminator_nonce\" value=\"f56c2b06f5\" \/><input type=\"hidden\" name=\"_wp_http_referer\" value=\"\/fr\/wp-json\/wp\/v2\/pages\/6492\" \/><input type=\"hidden\" name=\"form_id\" value=\"6485\"><input type=\"hidden\" name=\"page_id\" value=\"6492\"><input type=\"hidden\" name=\"form_type\" value=\"default\"><input type=\"hidden\" name=\"current_url\" value=\"https:\/\/altitek.ca\/fr\/client-satisfaction-survey\/\"><input type=\"hidden\" name=\"render_id\" value=\"0\"><input type=\"hidden\" name=\"action\" value=\"forminator_submit_form_custom-forms\"><label for=\"input_12\" class=\"forminator-hidden\" aria-hidden=\"true\">Please do not fill in this field. <input id=\"input_12\" type=\"text\" name=\"input_12\" value=\"\" autocomplete=\"off\"><\/label><input type=\"hidden\" name=\"trp-form-language\" value=\"fr\"\/><\/form>\n\t\t<\/div>\n\n\t\t\t\t\t\t<\/div>\n\t\t\t\t<\/div>\n\t\t\t\t<\/div>\n\t\t\t\t\t<\/div>\n\t\t\t\t<\/div>\n\t\t\t\t<\/div>","protected":false},"excerpt":{"rendered":"<p>Sondage sur la satisfaction de la client\u00e8le Afin d&#8217;am\u00e9liorer la qualit\u00e9 de nos produits et services, nous avons besoin de votre avis. Veuillez prendre quelques minutes pour r\u00e9pondre aux questions<\/p>","protected":false},"author":1,"featured_media":0,"parent":0,"menu_order":0,"comment_status":"closed","ping_status":"closed","template":"","meta":{"_acf_changed":false,"footnotes":""},"class_list":["post-6492","page","type-page","status-publish","hentry"],"acf":[],"_links":{"self":[{"href":"https:\/\/altitek.ca\/fr\/wp-json\/wp\/v2\/pages\/6492","targetHints":{"allow":["GET"]}}],"collection":[{"href":"https:\/\/altitek.ca\/fr\/wp-json\/wp\/v2\/pages"}],"about":[{"href":"https:\/\/altitek.ca\/fr\/wp-json\/wp\/v2\/types\/page"}],"author":[{"embeddable":true,"href":"https:\/\/altitek.ca\/fr\/wp-json\/wp\/v2\/users\/1"}],"replies":[{"embeddable":true,"href":"https:\/\/altitek.ca\/fr\/wp-json\/wp\/v2\/comments?post=6492"}],"version-history":[{"count":0,"href":"https:\/\/altitek.ca\/fr\/wp-json\/wp\/v2\/pages\/6492\/revisions"}],"wp:attachment":[{"href":"https:\/\/altitek.ca\/fr\/wp-json\/wp\/v2\/media?parent=6492"}],"curies":[{"name":"wp","href":"https:\/\/api.w.org\/{rel}","templated":true}]}}