{"id":6174,"date":"2025-07-21T08:31:05","date_gmt":"2025-07-21T08:31:05","guid":{"rendered":"https:\/\/altitek.ca\/privacy-policy\/"},"modified":"2025-07-21T11:44:30","modified_gmt":"2025-07-21T11:44:30","slug":"privacy-policy","status":"publish","type":"page","link":"https:\/\/altitek.ca\/fr\/privacy-policy\/","title":{"rendered":"Politique de confidentialit\u00e9"},"content":{"rendered":"<div data-elementor-type=\"wp-page\" data-elementor-id=\"6174\" class=\"elementor elementor-6174 elementor-6113\" data-elementor-settings=\"{&quot;element_pack_global_tooltip_width&quot;:{&quot;unit&quot;:&quot;px&quot;,&quot;size&quot;:&quot;&quot;,&quot;sizes&quot;:[]},&quot;element_pack_global_tooltip_width_tablet&quot;:{&quot;unit&quot;:&quot;px&quot;,&quot;size&quot;:&quot;&quot;,&quot;sizes&quot;:[]},&quot;element_pack_global_tooltip_width_mobile&quot;:{&quot;unit&quot;:&quot;px&quot;,&quot;size&quot;:&quot;&quot;,&quot;sizes&quot;:[]},&quot;element_pack_global_tooltip_padding&quot;:{&quot;unit&quot;:&quot;px&quot;,&quot;top&quot;:&quot;&quot;,&quot;right&quot;:&quot;&quot;,&quot;bottom&quot;:&quot;&quot;,&quot;left&quot;:&quot;&quot;,&quot;isLinked&quot;:true},&quot;element_pack_global_tooltip_padding_tablet&quot;:{&quot;unit&quot;:&quot;px&quot;,&quot;top&quot;:&quot;&quot;,&quot;right&quot;:&quot;&quot;,&quot;bottom&quot;:&quot;&quot;,&quot;left&quot;:&quot;&quot;,&quot;isLinked&quot;:true},&quot;element_pack_global_tooltip_padding_mobile&quot;:{&quot;unit&quot;:&quot;px&quot;,&quot;top&quot;:&quot;&quot;,&quot;right&quot;:&quot;&quot;,&quot;bottom&quot;:&quot;&quot;,&quot;left&quot;:&quot;&quot;,&quot;isLinked&quot;:true},&quot;element_pack_global_tooltip_border_radius&quot;:{&quot;unit&quot;:&quot;px&quot;,&quot;top&quot;:&quot;&quot;,&quot;right&quot;:&quot;&quot;,&quot;bottom&quot;:&quot;&quot;,&quot;left&quot;:&quot;&quot;,&quot;isLinked&quot;:true},&quot;element_pack_global_tooltip_border_radius_tablet&quot;:{&quot;unit&quot;:&quot;px&quot;,&quot;top&quot;:&quot;&quot;,&quot;right&quot;:&quot;&quot;,&quot;bottom&quot;:&quot;&quot;,&quot;left&quot;:&quot;&quot;,&quot;isLinked&quot;:true},&quot;element_pack_global_tooltip_border_radius_mobile&quot;:{&quot;unit&quot;:&quot;px&quot;,&quot;top&quot;:&quot;&quot;,&quot;right&quot;:&quot;&quot;,&quot;bottom&quot;:&quot;&quot;,&quot;left&quot;:&quot;&quot;,&quot;isLinked&quot;:true}}\" data-elementor-post-type=\"page\">\n\t\t\t\t<div class=\"elementor-element elementor-element-c0ed4cb e-flex e-con-boxed e-con e-parent\" data-id=\"c0ed4cb\" data-element_type=\"container\">\n\t\t\t\t\t<div class=\"e-con-inner\">\n\t\t<div class=\"elementor-element elementor-element-591992f e-con-full e-flex e-con e-child\" data-id=\"591992f\" data-element_type=\"container\">\n\t\t\t\t<div class=\"elementor-element elementor-element-5023747 elementor-widget elementor-widget-heading\" data-id=\"5023747\" data-element_type=\"widget\" data-widget_type=\"heading.default\">\n\t\t\t\t<div class=\"elementor-widget-container\">\n\t\t\t\t\t<h2 class=\"elementor-heading-title elementor-size-default\">Politique de confidentialit\u00e9<\/h2>\t\t\t\t<\/div>\n\t\t\t\t<\/div>\n\t\t\t\t<div class=\"elementor-element elementor-element-86f5228 elementor-widget elementor-widget-text-editor\" data-id=\"86f5228\" data-element_type=\"widget\" data-widget_type=\"text-editor.default\">\n\t\t\t\t<div class=\"elementor-widget-container\">\n\t\t\t\t\t\t\t\t\t<p>Altitek Electronics Inc., la transparence sur les fa\u00e7ons dont nous recueillons, utilisons et divulguons vos informations personnelles est importante pour nous.<\/p><p>La pr\u00e9sente politique de confidentialit\u00e9 (la \u00ab politique \u00bb) a pour but de vous renseigner sur nos pratiques en mati\u00e8re de traitement des renseignements personnels. Nous voulons vous informer \u00e0 quelles fins et comment nous recueillons vos renseignements personnels et de quelles fa\u00e7ons ils sont conserv\u00e9s et utilis\u00e9s.<\/p><p>Si vous avez des questions relativement \u00e0 cette politique ou \u00e0 nos pratiques quant au traitement de vos renseignements personnels, si vous d\u00e9sirez une copie des donn\u00e9es personnelles ou si vous souhaitez que vos donn\u00e9es personnelles soient d\u00e9truites, vous pouvez nous rejoindre aux coordonn\u00e9es suivantes :<\/p><p><strong>\u00a0<\/strong><strong>Responsable des renseignements personnels<\/strong><\/p><p>Soraya Oucief<br \/><a href=\"mailto:administration@altitek.com\">administration@altitek.com<\/a><br \/>514-881-7667<br \/>102-7240 Boul. Maurice Duplessis<br \/>Montreal, Quebec H1E 4A7<br \/>Our website address is: <a href=\"https:\/\/altitek.ca\/\">https:\/\/altitek.ca\/<\/a><\/p><p><strong>Commentaires<\/strong><\/p><p>Quand vous laissez un commentaire sur notre site web, les donn\u00e9es inscrites dans le formulaire de commentaire, mais aussi votre adresse IP et l\u2019agent utilisateur de votre navigateur sont collect\u00e9s pour nous aider \u00e0 la d\u00e9tection des commentaires ind\u00e9sirables.<\/p><p><strong>Transmission de donn\u00e9es personnelles ou confidentielles et M\u00e9dia<\/strong><\/p><p>Si vous t\u00e9l\u00e9versez des images sur le site web, nous vous conseillons d\u2019\u00e9viter de t\u00e9l\u00e9verser des images contenant des donn\u00e9es EXIF contenant des coordonn\u00e9es GPS. Les visiteurs de ce site web peuvent t\u00e9l\u00e9charger et extraire des donn\u00e9es de localisation depuis ces images.<\/p><p><strong>T\u00e9moins<\/strong><\/p><p>Si vous r\u00e9servez une rendez-vous video sur notre site, il vous sera propos\u00e9 d\u2019enregistrer votre nom, adresse courriel et adresse dans des t\u00e9moins. C\u2019est uniquement pour vous simplifier la vie afin de ne pas avoir \u00e0 saisir ces informations si vous r\u00e9servez une autre rendez-vous plus tard. Ces t\u00e9moins expirent au bout d\u2019un an.<\/p><p>Si vous entrez les informations personnelles afin de r\u00e9server une rendez vous, les donn\u00e9es seront entr\u00e9es dans notre syst\u00e8me d\u00e9crit ci-dessous afin de nous permettre d\u2019effectuer un suivi avec vous dans les jours qui suivent votre demande de soumission. Dans le cas o\u00f9 aucune rendez-vous n\u2019est r\u00e9serv\u00e9e avec l\u2019un de nos agents, les donn\u00e9es sont conserv\u00e9es dans le m\u00eame syst\u00e8me pour une dur\u00e9e ind\u00e9finie, dans le cas o\u00f9 vous nous rappelez \u00e9ventuellement pour une autre rendez-vous.<\/p><p><strong>Contenu imbriqu\u00e9 d\u2019autres sites web<\/strong><\/p><p><strong>\u00a0<\/strong>Les articles de ce site peuvent inclure des contenus int\u00e9gr\u00e9s (par exemple des vid\u00e9os, images, articles, etc). Le contenu int\u00e9gr\u00e9 \u00e0 partir d\u2019autres sites se comporte de la m\u00eame mani\u00e8re que si le visiteur se rendait sur cet autre site.<\/p><p>Ces sites web pourraient recueillir des donn\u00e9es sur vous, utiliser des t\u00e9moins, installer des outils de suivi tierce-partie ou suivre vos interactions avec ces contenus int\u00e9gr\u00e9s si vous disposez d\u2019un compte et \u00eates connect\u00e9 \u00e0 leur site web.<\/p><p><strong>Avec qui partageons-nous vos donn\u00e9es?<\/strong><\/p><p>Nous ne partageons aucune donn\u00e9e avec aucun partenaire, fournisseur ou autre, \u00e0 moins que nous n\u2019ouvrions un compte pour vous avec votre acceptation.<\/p><p><strong>O\u00f9 sont entrepos\u00e9es vos donn\u00e9es?<\/strong><\/p><p><strong>\u00a0<\/strong>Nous ne conservons aucune donn\u00e9e PHI, comme les num\u00e9ros d\u2019assurance sociale, num\u00e9ros d\u2019assurance maladie ou num\u00e9ro de carte de cr\u00e9dit, et invitons nos clients \u00e0 ne jamais nous transmettre de telles donn\u00e9es. Lorsque vous soumettez vos informations via notre formulaire num\u00e9rique, vos coordonn\u00e9es seront stock\u00e9es directement sur notre serveur de messagerie.<\/p><p>Les autres donn\u00e9es de nos clients sont stock\u00e9es par Altitek Electronics Inc., aupr\u00e8s des sources fiables.<\/p><p><strong>Pendant combien de temps vos donn\u00e9es sont-elles conserv\u00e9es?<\/strong><\/p><p>Comme nous aimons conserver nos clients \u00e0 tr\u00e8s long terme, les donn\u00e9es sont conserv\u00e9es ind\u00e9finiment. Ceci permet d\u2019offrir un soutien rapidement lors de demande de la part de nos clients. Toutefois, ces donn\u00e9es sont stock\u00e9es dans nos solutions s\u00e9curis\u00e9es.<\/p><p>Pour les utilisateurs qui s\u2019enregistrent sur notre site, nous conservons \u00e9galement les donn\u00e9es personnelles indiqu\u00e9es dans leur profil. Tous les utilisateurs peuvent voir, modifier ou supprimer leurs informations personnelles \u00e0 tout moment. Les gestionnaires de la plateforme Zoho peuvent aussi voir et modifier ces informations.<\/p><p><strong>Quels sont vos droits sur vos donn\u00e9es?<\/strong><\/p><p>Si vous communiquez avec nous \u00e0 <strong>administration@altitek.com<\/strong>, vous pouvez demander un fichier contenant toutes les donn\u00e9es personnelles que nous poss\u00e9dons \u00e0 votre sujet, incluant celles que vous nous avez fournies. Vous pouvez \u00e9galement demander la suppression des donn\u00e9es personnelles vous concernant. Ceci ne prend pas en compte les donn\u00e9es conserv\u00e9es \u00e0 des fins administratives, l\u00e9gales ou pour des raisons de s\u00e9curit\u00e9.<\/p>\t\t\t\t\t\t\t\t<\/div>\n\t\t\t\t<\/div>\n\t\t\t\t<\/div>\n\t\t\t\t\t<\/div>\n\t\t\t\t<\/div>\n\t\t\t\t<\/div>","protected":false},"excerpt":{"rendered":"<p>Politique de confidentialit\u00e9 Altitek Electronics Inc., la transparence sur les fa\u00e7ons dont nous recueillons, utilisons et divulguons vos informations personnelles est importante pour nous. La pr\u00e9sente politique de confidentialit\u00e9 (la<\/p>","protected":false},"author":1,"featured_media":0,"parent":0,"menu_order":0,"comment_status":"closed","ping_status":"closed","template":"","meta":{"_acf_changed":false,"footnotes":""},"class_list":["post-6174","page","type-page","status-publish","hentry"],"acf":[],"_links":{"self":[{"href":"https:\/\/altitek.ca\/fr\/wp-json\/wp\/v2\/pages\/6174","targetHints":{"allow":["GET"]}}],"collection":[{"href":"https:\/\/altitek.ca\/fr\/wp-json\/wp\/v2\/pages"}],"about":[{"href":"https:\/\/altitek.ca\/fr\/wp-json\/wp\/v2\/types\/page"}],"author":[{"embeddable":true,"href":"https:\/\/altitek.ca\/fr\/wp-json\/wp\/v2\/users\/1"}],"replies":[{"embeddable":true,"href":"https:\/\/altitek.ca\/fr\/wp-json\/wp\/v2\/comments?post=6174"}],"version-history":[{"count":0,"href":"https:\/\/altitek.ca\/fr\/wp-json\/wp\/v2\/pages\/6174\/revisions"}],"wp:attachment":[{"href":"https:\/\/altitek.ca\/fr\/wp-json\/wp\/v2\/media?parent=6174"}],"curies":[{"name":"wp","href":"https:\/\/api.w.org\/{rel}","templated":true}]}}