{"id":6148,"date":"2025-07-09T10:46:40","date_gmt":"2025-07-09T10:46:40","guid":{"rendered":"https:\/\/altitek.ca\/about\/"},"modified":"2025-07-21T11:28:48","modified_gmt":"2025-07-21T11:28:48","slug":"about","status":"publish","type":"page","link":"https:\/\/altitek.ca\/fr\/about\/","title":{"rendered":"\u00c0 propos"},"content":{"rendered":"<div data-elementor-type=\"wp-page\" data-elementor-id=\"6148\" class=\"elementor elementor-6148 elementor-5674\" data-elementor-settings=\"{&quot;element_pack_global_tooltip_width&quot;:{&quot;unit&quot;:&quot;px&quot;,&quot;size&quot;:&quot;&quot;,&quot;sizes&quot;:[]},&quot;element_pack_global_tooltip_width_tablet&quot;:{&quot;unit&quot;:&quot;px&quot;,&quot;size&quot;:&quot;&quot;,&quot;sizes&quot;:[]},&quot;element_pack_global_tooltip_width_mobile&quot;:{&quot;unit&quot;:&quot;px&quot;,&quot;size&quot;:&quot;&quot;,&quot;sizes&quot;:[]},&quot;element_pack_global_tooltip_padding&quot;:{&quot;unit&quot;:&quot;px&quot;,&quot;top&quot;:&quot;&quot;,&quot;right&quot;:&quot;&quot;,&quot;bottom&quot;:&quot;&quot;,&quot;left&quot;:&quot;&quot;,&quot;isLinked&quot;:true},&quot;element_pack_global_tooltip_padding_tablet&quot;:{&quot;unit&quot;:&quot;px&quot;,&quot;top&quot;:&quot;&quot;,&quot;right&quot;:&quot;&quot;,&quot;bottom&quot;:&quot;&quot;,&quot;left&quot;:&quot;&quot;,&quot;isLinked&quot;:true},&quot;element_pack_global_tooltip_padding_mobile&quot;:{&quot;unit&quot;:&quot;px&quot;,&quot;top&quot;:&quot;&quot;,&quot;right&quot;:&quot;&quot;,&quot;bottom&quot;:&quot;&quot;,&quot;left&quot;:&quot;&quot;,&quot;isLinked&quot;:true},&quot;element_pack_global_tooltip_border_radius&quot;:{&quot;unit&quot;:&quot;px&quot;,&quot;top&quot;:&quot;&quot;,&quot;right&quot;:&quot;&quot;,&quot;bottom&quot;:&quot;&quot;,&quot;left&quot;:&quot;&quot;,&quot;isLinked&quot;:true},&quot;element_pack_global_tooltip_border_radius_tablet&quot;:{&quot;unit&quot;:&quot;px&quot;,&quot;top&quot;:&quot;&quot;,&quot;right&quot;:&quot;&quot;,&quot;bottom&quot;:&quot;&quot;,&quot;left&quot;:&quot;&quot;,&quot;isLinked&quot;:true},&quot;element_pack_global_tooltip_border_radius_mobile&quot;:{&quot;unit&quot;:&quot;px&quot;,&quot;top&quot;:&quot;&quot;,&quot;right&quot;:&quot;&quot;,&quot;bottom&quot;:&quot;&quot;,&quot;left&quot;:&quot;&quot;,&quot;isLinked&quot;:true}}\" data-elementor-post-type=\"page\">\n\t\t\t\t<div class=\"elementor-element elementor-element-c0ed4cb e-flex e-con-boxed e-con e-parent\" data-id=\"c0ed4cb\" data-element_type=\"container\">\n\t\t\t\t\t<div class=\"e-con-inner\">\n\t\t<div class=\"elementor-element elementor-element-591992f e-con-full e-flex e-con e-child\" data-id=\"591992f\" data-element_type=\"container\">\n\t\t\t\t<div class=\"elementor-element elementor-element-5023747 elementor-widget elementor-widget-heading\" data-id=\"5023747\" data-element_type=\"widget\" data-widget_type=\"heading.default\">\n\t\t\t\t<div class=\"elementor-widget-container\">\n\t\t\t\t\t<h2 class=\"elementor-heading-title elementor-size-default\">\u00c0 propos de nous<\/h2>\t\t\t\t<\/div>\n\t\t\t\t<\/div>\n\t\t\t\t<div class=\"elementor-element elementor-element-86f5228 elementor-widget elementor-widget-text-editor\" data-id=\"86f5228\" data-element_type=\"widget\" data-widget_type=\"text-editor.default\">\n\t\t\t\t<div class=\"elementor-widget-container\">\n\t\t\t\t\t\t\t\t\t<p>Altitek Electronics inc. est une entreprise internationale et multilingue qui s&#8217;engage \u00e0 fournir des composants \u00e9lectroniques de qualit\u00e9 dans le monde entier.<\/p><p>Notre engagement \u00e0 offrir un service client de qualit\u00e9 sup\u00e9rieure dans un march\u00e9 tr\u00e8s concurrentiel est constant.<\/p><p><strong>Notre mission<\/strong>\u00a0: Satisfaction client \u00e0 100\u00a0%.<\/p>\t\t\t\t\t\t\t\t<\/div>\n\t\t\t\t<\/div>\n\t\t<div class=\"elementor-element elementor-element-7cc87e4 e-con-full e-flex e-con e-child\" data-id=\"7cc87e4\" data-element_type=\"container\">\n\t\t<div class=\"elementor-element elementor-element-1ef0c17 e-con-full e-flex e-con e-child\" data-id=\"1ef0c17\" data-element_type=\"container\">\n\t\t\t\t<div class=\"elementor-element elementor-element-590c4b1 elementor-widget elementor-widget-heading\" data-id=\"590c4b1\" data-element_type=\"widget\" data-widget_type=\"heading.default\">\n\t\t\t\t<div class=\"elementor-widget-container\">\n\t\t\t\t\t<h2 class=\"elementor-heading-title elementor-size-default\">Composants de premi\u00e8re qualit\u00e9<\/h2>\t\t\t\t<\/div>\n\t\t\t\t<\/div>\n\t\t\t\t<div class=\"elementor-element elementor-element-641596a elementor-widget elementor-widget-text-editor\" data-id=\"641596a\" data-element_type=\"widget\" data-widget_type=\"text-editor.default\">\n\t\t\t\t<div class=\"elementor-widget-container\">\n\t\t\t\t\t\t\t\t\t<p>Le march\u00e9 libre des composants \u00e9lectroniques est inond\u00e9 de produits douteux.<\/p><p>Chez Altitek, la qualit\u00e9 est notre priorit\u00e9. Notre r\u00e9seau de fournisseurs comprend uniquement des partenaires commerciaux de confiance, et la confiance, comme le respect, est une valeur qui se m\u00e9rite.<\/p>\t\t\t\t\t\t\t\t<\/div>\n\t\t\t\t<\/div>\n\t\t\t\t<\/div>\n\t\t<div class=\"elementor-element elementor-element-424bb2f e-con-full e-flex e-con e-child\" data-id=\"424bb2f\" data-element_type=\"container\">\n\t\t\t\t<div class=\"elementor-element elementor-element-dcc148f elementor-widget elementor-widget-image\" data-id=\"dcc148f\" data-element_type=\"widget\" data-widget_type=\"image.default\">\n\t\t\t\t<div class=\"elementor-widget-container\">\n\t\t\t\t\t\t\t\t\t\t\t\t\t\t\t<img fetchpriority=\"high\" decoding=\"async\" width=\"915\" height=\"755\" src=\"https:\/\/altitek.ca\/wp-content\/smush-webp\/2025\/07\/about-us-image.jpg.webp\" class=\"attachment-full size-full wp-image-6087\" alt=\"\" srcset=\"https:\/\/altitek.ca\/wp-content\/smush-webp\/2025\/07\/about-us-image.jpg.webp 915w, https:\/\/altitek.ca\/wp-content\/smush-webp\/2025\/07\/about-us-image-300x248.jpg.webp 300w, https:\/\/altitek.ca\/wp-content\/smush-webp\/2025\/07\/about-us-image-768x634.jpg.webp 768w, https:\/\/altitek.ca\/wp-content\/smush-webp\/2025\/07\/about-us-image-600x495.jpg.webp 600w\" sizes=\"(max-width: 915px) 100vw, 915px\" data-smush-webp-fallback=\"{&quot;src&quot;:&quot;https:\\\/\\\/altitek.ca\\\/wp-content\\\/uploads\\\/2025\\\/07\\\/about-us-image.jpg&quot;,&quot;srcset&quot;:&quot;https:\\\/\\\/altitek.ca\\\/wp-content\\\/uploads\\\/2025\\\/07\\\/about-us-image.jpg 915w, https:\\\/\\\/altitek.ca\\\/wp-content\\\/uploads\\\/2025\\\/07\\\/about-us-image-300x248.jpg 300w, https:\\\/\\\/altitek.ca\\\/wp-content\\\/uploads\\\/2025\\\/07\\\/about-us-image-768x634.jpg 768w, https:\\\/\\\/altitek.ca\\\/wp-content\\\/uploads\\\/2025\\\/07\\\/about-us-image-600x495.jpg 600w&quot;}\" \/>\t\t\t\t\t\t\t\t\t\t\t\t\t\t\t<\/div>\n\t\t\t\t<\/div>\n\t\t\t\t<\/div>\n\t\t\t\t<\/div>\n\t\t<div class=\"elementor-element elementor-element-e0c3987 e-con-full e-flex e-con e-child\" data-id=\"e0c3987\" data-element_type=\"container\">\n\t\t<div class=\"elementor-element elementor-element-a37e3fa e-con-full e-flex e-con e-child\" data-id=\"a37e3fa\" data-element_type=\"container\">\n\t\t\t\t<div class=\"elementor-element elementor-element-bd91bc4 elementor-widget elementor-widget-image\" data-id=\"bd91bc4\" data-element_type=\"widget\" data-widget_type=\"image.default\">\n\t\t\t\t<div class=\"elementor-widget-container\">\n\t\t\t\t\t\t\t\t\t\t\t\t\t\t\t<img decoding=\"async\" width=\"882\" height=\"443\" data-src=\"https:\/\/altitek.ca\/wp-content\/smush-webp\/2025\/07\/quality-test-component.jpg.webp\" class=\"attachment-full size-full wp-image-6088 lazyload\" alt=\"\" data-srcset=\"https:\/\/altitek.ca\/wp-content\/smush-webp\/2025\/07\/quality-test-component.jpg.webp 882w, https:\/\/altitek.ca\/wp-content\/smush-webp\/2025\/07\/quality-test-component-300x151.jpg.webp 300w, https:\/\/altitek.ca\/wp-content\/smush-webp\/2025\/07\/quality-test-component-768x386.jpg.webp 768w, https:\/\/altitek.ca\/wp-content\/smush-webp\/2025\/07\/quality-test-component-600x301.jpg.webp 600w\" data-sizes=\"(max-width: 882px) 100vw, 882px\" src=\"data:image\/svg+xml;base64,PHN2ZyB3aWR0aD0iMSIgaGVpZ2h0PSIxIiB4bWxucz0iaHR0cDovL3d3dy53My5vcmcvMjAwMC9zdmciPjwvc3ZnPg==\" style=\"--smush-placeholder-width: 882px; --smush-placeholder-aspect-ratio: 882\/443;\" data-smush-webp-fallback=\"{&quot;data-src&quot;:&quot;https:\\\/\\\/altitek.ca\\\/wp-content\\\/uploads\\\/2025\\\/07\\\/quality-test-component.jpg&quot;,&quot;data-srcset&quot;:&quot;https:\\\/\\\/altitek.ca\\\/wp-content\\\/uploads\\\/2025\\\/07\\\/quality-test-component.jpg 882w, https:\\\/\\\/altitek.ca\\\/wp-content\\\/uploads\\\/2025\\\/07\\\/quality-test-component-300x151.jpg 300w, https:\\\/\\\/altitek.ca\\\/wp-content\\\/uploads\\\/2025\\\/07\\\/quality-test-component-768x386.jpg 768w, https:\\\/\\\/altitek.ca\\\/wp-content\\\/uploads\\\/2025\\\/07\\\/quality-test-component-600x301.jpg 600w&quot;}\" \/>\t\t\t\t\t\t\t\t\t\t\t\t\t\t\t<\/div>\n\t\t\t\t<\/div>\n\t\t\t\t<\/div>\n\t\t<div class=\"elementor-element elementor-element-6fb8169 e-con-full e-flex e-con e-child\" data-id=\"6fb8169\" data-element_type=\"container\">\n\t\t\t\t<div class=\"elementor-element elementor-element-f8136ae elementor-widget elementor-widget-heading\" data-id=\"f8136ae\" data-element_type=\"widget\" data-widget_type=\"heading.default\">\n\t\t\t\t<div class=\"elementor-widget-container\">\n\t\t\t\t\t<h2 class=\"elementor-heading-title elementor-size-default\">Tests de qualit\u00e9<\/h2>\t\t\t\t<\/div>\n\t\t\t\t<\/div>\n\t\t\t\t<div class=\"elementor-element elementor-element-88b08e3 elementor-widget elementor-widget-text-editor\" data-id=\"88b08e3\" data-element_type=\"widget\" data-widget_type=\"text-editor.default\">\n\t\t\t\t<div class=\"elementor-widget-container\">\n\t\t\t\t\t\t\t\t\t<p>Altitek comprend que la pr\u00e9vention de la contrefa\u00e7on commence par le processus de certification des fournisseurs et met en \u0153uvre les mesures de protection n\u00e9cessaires pour att\u00e9nuer proactivement les risques gr\u00e2ce \u00e0 une gestion efficace de sa base de fournisseurs.<\/p><p>La qualit\u00e9 est notre priorit\u00e9. Nous collaborons avec les principaux organismes du secteur pour am\u00e9liorer constamment nos techniques d&#8217;inspection et garantir \u00e0 nos clients des produits de qualit\u00e9 et tra\u00e7ables.<\/p>\t\t\t\t\t\t\t\t<\/div>\n\t\t\t\t<\/div>\n\t\t\t\t<\/div>\n\t\t\t\t<\/div>\n\t\t\t\t<\/div>\n\t\t\t\t\t<\/div>\n\t\t\t\t<\/div>\n\t\t\t\t<\/div>","protected":false},"excerpt":{"rendered":"<p>\u00c0 propos de nous Altitek Electronics inc. est une entreprise internationale et multilingue qui s&#8217;engage \u00e0 fournir des composants \u00e9lectroniques de qualit\u00e9 dans le monde entier. Notre engagement \u00e0 offrir<\/p>","protected":false},"author":1,"featured_media":0,"parent":0,"menu_order":0,"comment_status":"closed","ping_status":"closed","template":"","meta":{"_acf_changed":false,"footnotes":""},"class_list":["post-6148","page","type-page","status-publish","hentry"],"acf":[],"_links":{"self":[{"href":"https:\/\/altitek.ca\/fr\/wp-json\/wp\/v2\/pages\/6148","targetHints":{"allow":["GET"]}}],"collection":[{"href":"https:\/\/altitek.ca\/fr\/wp-json\/wp\/v2\/pages"}],"about":[{"href":"https:\/\/altitek.ca\/fr\/wp-json\/wp\/v2\/types\/page"}],"author":[{"embeddable":true,"href":"https:\/\/altitek.ca\/fr\/wp-json\/wp\/v2\/users\/1"}],"replies":[{"embeddable":true,"href":"https:\/\/altitek.ca\/fr\/wp-json\/wp\/v2\/comments?post=6148"}],"version-history":[{"count":0,"href":"https:\/\/altitek.ca\/fr\/wp-json\/wp\/v2\/pages\/6148\/revisions"}],"wp:attachment":[{"href":"https:\/\/altitek.ca\/fr\/wp-json\/wp\/v2\/media?parent=6148"}],"curies":[{"name":"wp","href":"https:\/\/api.w.org\/{rel}","templated":true}]}}